{"id":503,"date":"2025-05-14T09:54:48","date_gmt":"2025-05-14T09:54:48","guid":{"rendered":"https:\/\/aydeo.fr\/?page_id=503"},"modified":"2025-06-19T14:02:27","modified_gmt":"2025-06-19T14:02:27","slug":"contact","status":"publish","type":"page","link":"https:\/\/aydeo.fr\/zh\/contact\/","title":{"rendered":"\u8054\u7cfb\u6211\u4eec"},"content":{"rendered":"[et_pb_section fb_built=\u00a0\u00bb1&Prime; _builder_version=\u00a0\u00bb4.27.4&Prime; _module_preset=\u00a0\u00bbdefault\u00a0\u00bb global_colors_info=\u00a0\u00bb{}\u00a0\u00bb][et_pb_row column_structure=\u00a0\u00bb1_2,1_2&Prime; _builder_version=\u00a0\u00bb4.27.4&Prime; _module_preset=\u00a0\u00bbdefault\u00a0\u00bb background_color=\u00a0\u00bb#fad8d8&Prime; global_colors_info=\u00a0\u00bb{}\u00a0\u00bb][et_pb_column type=\u00a0\u00bb1_2&Prime; _builder_version=\u00a0\u00bb4.27.4&Prime; _module_preset=\u00a0\u00bbdefault\u00a0\u00bb global_colors_info=\u00a0\u00bb{}\u00a0\u00bb][et_pb_text _builder_version=\u00a0\u00bb4.27.4&Prime; _module_preset=\u00a0\u00bbdefault\u00a0\u00bb text_font=\u00a0\u00bbABeeZee||||||||\u00a0\u00bb header_font=\u00a0\u00bbABeeZee|700|||||||\u00a0\u00bb header_font_size=\u00a0\u00bb27px\u00a0\u00bb width_tablet=\u00a0\u00bb\u00a0\u00bb width_phone=\u00a0\u00bb80%\u00a0\u00bb width_last_edited=\u00a0\u00bbon|desktop\u00a0\u00bb custom_margin=\u00a0\u00bb|||25px|false|false\u00a0\u00bb module_alignment_tablet=\u00a0\u00bb\u00a0\u00bb module_alignment_phone=\u00a0\u00bbcenter\u00a0\u00bb module_alignment_last_edited=\u00a0\u00bbon|phone\u00a0\u00bb global_colors_info=\u00a0\u00bb{}\u00a0\u00bb]<h1>\u8054\u7cfb\u6211\u4eec<\/h1>\n<p>\u5982\u6709\u4efb\u4f55\u7591\u95ee\uff0c\u6b22\u8fce\u968f\u65f6\u7559\u8a00\u8054\u7cfb\u6211\u4eec\u3002<\/p>[\/et_pb_text][et_pb_contact_form email=\u00a0\u00bbyiou.chen@anyu.fr\u00a0\u00bb _builder_version=\u00a0\u00bb4.27.4&Prime; _module_preset=\u00a0\u00bbdefault\u00a0\u00bb _unique_id=\u00a0\u00bb4347c39c-f5cd-4afb-b79f-405351bbe19e\u00a0\u00bb form_field_background_color=\u00a0\u00bb#FFFFFF\u00a0\u00bb form_field_font=\u00a0\u00bbABeeZee||||||||\u00a0\u00bb custom_button=\u00a0\u00bbon\u00a0\u00bb button_text_color=\u00a0\u00bb#eb7777&Prime; button_border_radius=\u00a0\u00bb10px\u00a0\u00bb button_font=\u00a0\u00bbABeeZee||||||||\u00a0\u00bb width_tablet=\u00a0\u00bb\u00a0\u00bb width_phone=\u00a0\u00bb85%\u00a0\u00bb width_last_edited=\u00a0\u00bbon|phone\u00a0\u00bb custom_margin=\u00a0\u00bb|||25px|false|false\u00a0\u00bb hover_enabled=\u00a0\u00bb0&Prime; module_alignment_tablet=\u00a0\u00bbcenter\u00a0\u00bb module_alignment_phone=\u00a0\u00bbcenter\u00a0\u00bb module_alignment_last_edited=\u00a0\u00bbon|desktop\u00a0\u00bb border_radii=\u00a0\u00bbon|10px|10px|10px|10px\u00a0\u00bb global_colors_info=\u00a0\u00bb{}\u00a0\u00bb width__hover_enabled=\u00a0\u00bboff|desktop\u00a0\u00bb sticky_enabled=\u00a0\u00bb0&Prime; custom_padding_last_edited=\u00a0\u00bbon|desktop\u00a0\u00bb custom_margin_last_edited=\u00a0\u00bbon|phone\u00a0\u00bb custom_margin_tablet=\u00a0\u00bb|25px|||false|false\u00a0\u00bb custom_margin_phone=\u00a0\u00bb|0px||25px|false|false\u00a0\u00bb][et_pb_contact_field field_id=\u00a0\u00bbSubject\u00a0\u00bb field_title=\u00a0\u00bbSujet\u00a0\u00bb fullwidth_field=\u00a0\u00bbon\u00a0\u00bb _builder_version=\u00a0\u00bb4.27.4&Prime; _module_preset=\u00a0\u00bbdefault\u00a0\u00bb global_colors_info=\u00a0\u00bb{}\u00a0\u00bb][\/et_pb_contact_field][et_pb_contact_field field_id=\u00a0\u00bbName\u00a0\u00bb field_title=\u00a0\u00bbVotre nom\u00a0\u00bb _builder_version=\u00a0\u00bb4.27.4&Prime; global_colors_info=\u00a0\u00bb{}\u00a0\u00bb button_text_size__hover_enabled=\u00a0\u00bboff\u00a0\u00bb button_one_text_size__hover_enabled=\u00a0\u00bboff\u00a0\u00bb button_two_text_size__hover_enabled=\u00a0\u00bboff\u00a0\u00bb button_text_color__hover_enabled=\u00a0\u00bboff\u00a0\u00bb button_one_text_color__hover_enabled=\u00a0\u00bboff\u00a0\u00bb button_two_text_color__hover_enabled=\u00a0\u00bboff\u00a0\u00bb button_border_width__hover_enabled=\u00a0\u00bboff\u00a0\u00bb button_one_border_width__hover_enabled=\u00a0\u00bboff\u00a0\u00bb button_two_border_width__hover_enabled=\u00a0\u00bboff\u00a0\u00bb button_border_color__hover_enabled=\u00a0\u00bboff\u00a0\u00bb button_one_border_color__hover_enabled=\u00a0\u00bboff\u00a0\u00bb button_two_border_color__hover_enabled=\u00a0\u00bboff\u00a0\u00bb button_border_radius__hover_enabled=\u00a0\u00bboff\u00a0\u00bb button_one_border_radius__hover_enabled=\u00a0\u00bboff\u00a0\u00bb button_two_border_radius__hover_enabled=\u00a0\u00bboff\u00a0\u00bb button_letter_spacing__hover_enabled=\u00a0\u00bboff\u00a0\u00bb button_one_letter_spacing__hover_enabled=\u00a0\u00bboff\u00a0\u00bb button_two_letter_spacing__hover_enabled=\u00a0\u00bboff\u00a0\u00bb button_bg_color__hover_enabled=\u00a0\u00bboff\u00a0\u00bb button_one_bg_color__hover_enabled=\u00a0\u00bboff\u00a0\u00bb button_two_bg_color__hover_enabled=\u00a0\u00bboff\u00a0\u00bb][\/et_pb_contact_field][et_pb_contact_field field_id=\u00a0\u00bbEmail\u00a0\u00bb field_title=\u00a0\u00bbVotre e-mail\u00a0\u00bb field_type=\u00a0\u00bbemail\u00a0\u00bb _builder_version=\u00a0\u00bb4.27.4&Prime; global_colors_info=\u00a0\u00bb{}\u00a0\u00bb button_text_size__hover_enabled=\u00a0\u00bboff\u00a0\u00bb button_one_text_size__hover_enabled=\u00a0\u00bboff\u00a0\u00bb button_two_text_size__hover_enabled=\u00a0\u00bboff\u00a0\u00bb button_text_color__hover_enabled=\u00a0\u00bboff\u00a0\u00bb button_one_text_color__hover_enabled=\u00a0\u00bboff\u00a0\u00bb button_two_text_color__hover_enabled=\u00a0\u00bboff\u00a0\u00bb button_border_width__hover_enabled=\u00a0\u00bboff\u00a0\u00bb button_one_border_width__hover_enabled=\u00a0\u00bboff\u00a0\u00bb button_two_border_width__hover_enabled=\u00a0\u00bboff\u00a0\u00bb button_border_color__hover_enabled=\u00a0\u00bboff\u00a0\u00bb button_one_border_color__hover_enabled=\u00a0\u00bboff\u00a0\u00bb button_two_border_color__hover_enabled=\u00a0\u00bboff\u00a0\u00bb button_border_radius__hover_enabled=\u00a0\u00bboff\u00a0\u00bb button_one_border_radius__hover_enabled=\u00a0\u00bboff\u00a0\u00bb button_two_border_radius__hover_enabled=\u00a0\u00bboff\u00a0\u00bb button_letter_spacing__hover_enabled=\u00a0\u00bboff\u00a0\u00bb button_one_letter_spacing__hover_enabled=\u00a0\u00bboff\u00a0\u00bb button_two_letter_spacing__hover_enabled=\u00a0\u00bboff\u00a0\u00bb button_bg_color__hover_enabled=\u00a0\u00bboff\u00a0\u00bb button_one_bg_color__hover_enabled=\u00a0\u00bboff\u00a0\u00bb button_two_bg_color__hover_enabled=\u00a0\u00bboff\u00a0\u00bb][\/et_pb_contact_field][et_pb_contact_field field_id=\u00a0\u00bbMessage\u00a0\u00bb field_title=\u00a0\u00bbDescription\u00a0\u00bb field_type=\u00a0\u00bbtext\u00a0\u00bb fullwidth_field=\u00a0\u00bbon\u00a0\u00bb _builder_version=\u00a0\u00bb4.27.4&Prime; global_colors_info=\u00a0\u00bb{}\u00a0\u00bb button_text_size__hover_enabled=\u00a0\u00bboff\u00a0\u00bb button_one_text_size__hover_enabled=\u00a0\u00bboff\u00a0\u00bb button_two_text_size__hover_enabled=\u00a0\u00bboff\u00a0\u00bb button_text_color__hover_enabled=\u00a0\u00bboff\u00a0\u00bb button_one_text_color__hover_enabled=\u00a0\u00bboff\u00a0\u00bb button_two_text_color__hover_enabled=\u00a0\u00bboff\u00a0\u00bb button_border_width__hover_enabled=\u00a0\u00bboff\u00a0\u00bb button_one_border_width__hover_enabled=\u00a0\u00bboff\u00a0\u00bb button_two_border_width__hover_enabled=\u00a0\u00bboff\u00a0\u00bb button_border_color__hover_enabled=\u00a0\u00bboff\u00a0\u00bb button_one_border_color__hover_enabled=\u00a0\u00bboff\u00a0\u00bb button_two_border_color__hover_enabled=\u00a0\u00bboff\u00a0\u00bb button_border_radius__hover_enabled=\u00a0\u00bboff\u00a0\u00bb button_one_border_radius__hover_enabled=\u00a0\u00bboff\u00a0\u00bb button_two_border_radius__hover_enabled=\u00a0\u00bboff\u00a0\u00bb button_letter_spacing__hover_enabled=\u00a0\u00bboff\u00a0\u00bb button_one_letter_spacing__hover_enabled=\u00a0\u00bboff\u00a0\u00bb button_two_letter_spacing__hover_enabled=\u00a0\u00bboff\u00a0\u00bb button_bg_color__hover_enabled=\u00a0\u00bboff\u00a0\u00bb button_one_bg_color__hover_enabled=\u00a0\u00bboff\u00a0\u00bb button_two_bg_color__hover_enabled=\u00a0\u00bboff\u00a0\u00bb][\/et_pb_contact_field][\/et_pb_contact_form][\/et_pb_column][et_pb_column type=\u00a0\u00bb1_2&Prime; _builder_version=\u00a0\u00bb4.27.4&Prime; _module_preset=\u00a0\u00bbdefault\u00a0\u00bb global_colors_info=\u00a0\u00bb{}\u00a0\u00bb][et_pb_image src=\u00a0\u00bbhttps:\/\/aydeo.fr\/wp-content\/uploads\/2025\/05\/9.png\u00a0\u00bb title_text=\u00a0\u00bb9&Prime; _builder_version=\u00a0\u00bb4.27.4&Prime; _module_preset=\u00a0\u00bbdefault\u00a0\u00bb width_tablet=\u00a0\u00bb\u00a0\u00bb width_phone=\u00a0\u00bb90%\u00a0\u00bb width_last_edited=\u00a0\u00bbon|phone\u00a0\u00bb module_alignment=\u00a0\u00bbcenter\u00a0\u00bb custom_margin=\u00a0\u00bb|0px|||false|false\u00a0\u00bb custom_padding=\u00a0\u00bb|25px|||false|false\u00a0\u00bb module_alignment_tablet=\u00a0\u00bbcenter\u00a0\u00bb module_alignment_phone=\u00a0\u00bbright\u00a0\u00bb module_alignment_last_edited=\u00a0\u00bbon|phone\u00a0\u00bb global_colors_info=\u00a0\u00bb{}\u00a0\u00bb][\/et_pb_image][\/et_pb_column][\/et_pb_row][\/et_pb_section]","protected":false},"excerpt":{"rendered":"<p>CONTACT Pour toute question, n&rsquo;h\u00e9sitez pas \u00e0 nous envoyer un message.<\/p>","protected":false},"author":1,"featured_media":0,"parent":0,"menu_order":0,"comment_status":"closed","ping_status":"closed","template":"","meta":{"_et_pb_use_builder":"on","_et_pb_old_content":"","_et_gb_content_width":"","footnotes":""},"class_list":["post-503","page","type-page","status-publish","hentry"],"yoast_head":"<!-- This site is optimized with the Yoast SEO plugin v25.9 - https:\/\/yoast.com\/wordpress\/plugins\/seo\/ -->\n<title>Contact - Aydeo<\/title>\n<meta name=\"description\" content=\"Besoin d\u2019un service \u00e0 domicile ou d\u2019informations ? Contactez Aydeo d\u00e8s aujourd\u2019hui via notre formulaire en ligne ou par t\u00e9l\u00e9phone. Notre \u00e9quipe est \u00e0 votre \u00e9coute pour r\u00e9pondre \u00e0 vos besoins rapidement.\" \/>\n<meta name=\"robots\" content=\"index, follow, max-snippet:-1, max-image-preview:large, max-video-preview:-1\" \/>\n<link rel=\"canonical\" href=\"https:\/\/aydeo.fr\/zh\/contact\/\" \/>\n<meta property=\"og:locale\" content=\"zh_CN\" \/>\n<meta property=\"og:type\" content=\"article\" \/>\n<meta property=\"og:title\" content=\"Contact - Aydeo\" \/>\n<meta property=\"og:description\" content=\"Besoin d\u2019un service \u00e0 domicile ou d\u2019informations ? Contactez Aydeo d\u00e8s aujourd\u2019hui via notre formulaire en ligne ou par t\u00e9l\u00e9phone. Notre \u00e9quipe est \u00e0 votre \u00e9coute pour r\u00e9pondre \u00e0 vos besoins rapidement.\" \/>\n<meta property=\"og:url\" content=\"https:\/\/aydeo.fr\/zh\/contact\/\" \/>\n<meta property=\"og:site_name\" content=\"Aydeo\" \/>\n<meta property=\"article:modified_time\" content=\"2025-06-19T14:02:27+00:00\" \/>\n<meta property=\"og:image\" content=\"https:\/\/aydeo.fr\/wp-content\/uploads\/2025\/05\/AYDEO\u9577\u578b-1.png\" \/>\n\t<meta property=\"og:image:width\" content=\"468\" \/>\n\t<meta property=\"og:image:height\" content=\"263\" \/>\n\t<meta property=\"og:image:type\" content=\"image\/png\" \/>\n<meta name=\"twitter:card\" content=\"summary_large_image\" \/>\n<meta name=\"twitter:label1\" content=\"\u9884\u8ba1\u9605\u8bfb\u65f6\u95f4\" \/>\n\t<meta name=\"twitter:data1\" content=\"1 \u5206\" \/>\n<script type=\"application\/ld+json\" class=\"yoast-schema-graph\">{\"@context\":\"https:\/\/schema.org\",\"@graph\":[{\"@type\":\"WebPage\",\"@id\":\"https:\/\/aydeo.fr\/contact\/\",\"url\":\"https:\/\/aydeo.fr\/contact\/\",\"name\":\"Contact - Aydeo\",\"isPartOf\":{\"@id\":\"https:\/\/aydeo.fr\/#website\"},\"datePublished\":\"2025-05-14T09:54:48+00:00\",\"dateModified\":\"2025-06-19T14:02:27+00:00\",\"description\":\"Besoin d\u2019un service \u00e0 domicile ou d\u2019informations ? Contactez Aydeo d\u00e8s aujourd\u2019hui via notre formulaire en ligne ou par t\u00e9l\u00e9phone. Notre \u00e9quipe est \u00e0 votre \u00e9coute pour r\u00e9pondre \u00e0 vos besoins rapidement.\",\"breadcrumb\":{\"@id\":\"https:\/\/aydeo.fr\/contact\/#breadcrumb\"},\"inLanguage\":\"zh-Hans\",\"potentialAction\":[{\"@type\":\"ReadAction\",\"target\":[\"https:\/\/aydeo.fr\/contact\/\"]}]},{\"@type\":\"BreadcrumbList\",\"@id\":\"https:\/\/aydeo.fr\/contact\/#breadcrumb\",\"itemListElement\":[{\"@type\":\"ListItem\",\"position\":1,\"name\":\"Accueil\",\"item\":\"https:\/\/aydeo.fr\/\"},{\"@type\":\"ListItem\",\"position\":2,\"name\":\"Contact\"}]},{\"@type\":\"WebSite\",\"@id\":\"https:\/\/aydeo.fr\/#website\",\"url\":\"https:\/\/aydeo.fr\/\",\"name\":\"Aydeo\",\"description\":\"\",\"publisher\":{\"@id\":\"https:\/\/aydeo.fr\/#organization\"},\"potentialAction\":[{\"@type\":\"SearchAction\",\"target\":{\"@type\":\"EntryPoint\",\"urlTemplate\":\"https:\/\/aydeo.fr\/?s={search_term_string}\"},\"query-input\":{\"@type\":\"PropertyValueSpecification\",\"valueRequired\":true,\"valueName\":\"search_term_string\"}}],\"inLanguage\":\"zh-Hans\"},{\"@type\":\"Organization\",\"@id\":\"https:\/\/aydeo.fr\/#organization\",\"name\":\"Aydeo\",\"url\":\"https:\/\/aydeo.fr\/\",\"logo\":{\"@type\":\"ImageObject\",\"inLanguage\":\"zh-Hans\",\"@id\":\"https:\/\/aydeo.fr\/#\/schema\/logo\/image\/\",\"url\":\"https:\/\/aydeo.fr\/wp-content\/uploads\/2025\/05\/AYDEO\u9577\u578b.png\",\"contentUrl\":\"https:\/\/aydeo.fr\/wp-content\/uploads\/2025\/05\/AYDEO\u9577\u578b.png\",\"width\":769,\"height\":455,\"caption\":\"Aydeo\"},\"image\":{\"@id\":\"https:\/\/aydeo.fr\/#\/schema\/logo\/image\/\"}}]}<\/script>\n<!-- \/ Yoast SEO plugin. -->","yoast_head_json":{"title":"Contact - Aydeo","description":"Besoin d\u2019un service \u00e0 domicile ou d\u2019informations ? Contactez Aydeo d\u00e8s aujourd\u2019hui via notre formulaire en ligne ou par t\u00e9l\u00e9phone. Notre \u00e9quipe est \u00e0 votre \u00e9coute pour r\u00e9pondre \u00e0 vos besoins rapidement.","robots":{"index":"index","follow":"follow","max-snippet":"max-snippet:-1","max-image-preview":"max-image-preview:large","max-video-preview":"max-video-preview:-1"},"canonical":"https:\/\/aydeo.fr\/zh\/contact\/","og_locale":"zh_CN","og_type":"article","og_title":"Contact - Aydeo","og_description":"Besoin d\u2019un service \u00e0 domicile ou d\u2019informations ? Contactez Aydeo d\u00e8s aujourd\u2019hui via notre formulaire en ligne ou par t\u00e9l\u00e9phone. Notre \u00e9quipe est \u00e0 votre \u00e9coute pour r\u00e9pondre \u00e0 vos besoins rapidement.","og_url":"https:\/\/aydeo.fr\/zh\/contact\/","og_site_name":"Aydeo","article_modified_time":"2025-06-19T14:02:27+00:00","og_image":[{"width":468,"height":263,"url":"https:\/\/aydeo.fr\/wp-content\/uploads\/2025\/05\/AYDEO\u9577\u578b-1.png","type":"image\/png"}],"twitter_card":"summary_large_image","twitter_misc":{"\u9884\u8ba1\u9605\u8bfb\u65f6\u95f4":"1 \u5206"},"schema":{"@context":"https:\/\/schema.org","@graph":[{"@type":"WebPage","@id":"https:\/\/aydeo.fr\/contact\/","url":"https:\/\/aydeo.fr\/contact\/","name":"Contact - Aydeo","isPartOf":{"@id":"https:\/\/aydeo.fr\/#website"},"datePublished":"2025-05-14T09:54:48+00:00","dateModified":"2025-06-19T14:02:27+00:00","description":"Besoin d\u2019un service \u00e0 domicile ou d\u2019informations ? Contactez Aydeo d\u00e8s aujourd\u2019hui via notre formulaire en ligne ou par t\u00e9l\u00e9phone. Notre \u00e9quipe est \u00e0 votre \u00e9coute pour r\u00e9pondre \u00e0 vos besoins rapidement.","breadcrumb":{"@id":"https:\/\/aydeo.fr\/contact\/#breadcrumb"},"inLanguage":"zh-Hans","potentialAction":[{"@type":"ReadAction","target":["https:\/\/aydeo.fr\/contact\/"]}]},{"@type":"BreadcrumbList","@id":"https:\/\/aydeo.fr\/contact\/#breadcrumb","itemListElement":[{"@type":"ListItem","position":1,"name":"Accueil","item":"https:\/\/aydeo.fr\/"},{"@type":"ListItem","position":2,"name":"Contact"}]},{"@type":"WebSite","@id":"https:\/\/aydeo.fr\/#website","url":"https:\/\/aydeo.fr\/","name":"Aydeo","description":"","publisher":{"@id":"https:\/\/aydeo.fr\/#organization"},"potentialAction":[{"@type":"SearchAction","target":{"@type":"EntryPoint","urlTemplate":"https:\/\/aydeo.fr\/?s={search_term_string}"},"query-input":{"@type":"PropertyValueSpecification","valueRequired":true,"valueName":"search_term_string"}}],"inLanguage":"zh-Hans"},{"@type":"Organization","@id":"https:\/\/aydeo.fr\/#organization","name":"Aydeo","url":"https:\/\/aydeo.fr\/","logo":{"@type":"ImageObject","inLanguage":"zh-Hans","@id":"https:\/\/aydeo.fr\/#\/schema\/logo\/image\/","url":"https:\/\/aydeo.fr\/wp-content\/uploads\/2025\/05\/AYDEO\u9577\u578b.png","contentUrl":"https:\/\/aydeo.fr\/wp-content\/uploads\/2025\/05\/AYDEO\u9577\u578b.png","width":769,"height":455,"caption":"Aydeo"},"image":{"@id":"https:\/\/aydeo.fr\/#\/schema\/logo\/image\/"}}]}},"_links":{"self":[{"href":"https:\/\/aydeo.fr\/zh\/wp-json\/wp\/v2\/pages\/503","targetHints":{"allow":["GET"]}}],"collection":[{"href":"https:\/\/aydeo.fr\/zh\/wp-json\/wp\/v2\/pages"}],"about":[{"href":"https:\/\/aydeo.fr\/zh\/wp-json\/wp\/v2\/types\/page"}],"author":[{"embeddable":true,"href":"https:\/\/aydeo.fr\/zh\/wp-json\/wp\/v2\/users\/1"}],"replies":[{"embeddable":true,"href":"https:\/\/aydeo.fr\/zh\/wp-json\/wp\/v2\/comments?post=503"}],"version-history":[{"count":10,"href":"https:\/\/aydeo.fr\/zh\/wp-json\/wp\/v2\/pages\/503\/revisions"}],"predecessor-version":[{"id":811,"href":"https:\/\/aydeo.fr\/zh\/wp-json\/wp\/v2\/pages\/503\/revisions\/811"}],"wp:attachment":[{"href":"https:\/\/aydeo.fr\/zh\/wp-json\/wp\/v2\/media?parent=503"}],"curies":[{"name":"wp","href":"https:\/\/api.w.org\/{rel}","templated":true}]}}